{"id":84,"date":"2025-11-05T09:09:35","date_gmt":"2025-11-05T08:09:35","guid":{"rendered":"https:\/\/hilfe.agroproject.de\/wordpress\/?page_id=84"},"modified":"2025-12-02T15:38:04","modified_gmt":"2025-12-02T14:38:04","slug":"menue","status":"publish","type":"page","link":"https:\/\/hilfe.agroproject.de\/wordpress\/menue\/","title":{"rendered":"Men\u00fc"},"content":{"rendered":"\n<p class=\"has-headings-color has-text-color has-link-color has-normal-font-size wp-elements-ebbcc5eb9350ee227008b9e5d129a3af\">Die Men\u00fcleiste stellt Ihnen im Eingangsfenster die im Bild oben angeordneten Einstiegspunkte in das Programm dar.<\/p>\n\n\n\n<p class=\"has-headings-color has-text-color has-link-color has-normal-font-size wp-elements-8934a802b929fb72f0505faec93d4448\">Es gibt folgende Men\u00fcpunkte: (Um auf die Erl\u00e4uterungen der Men\u00fcpunkte zu gelangen bet\u00e4tigen Sie einfach den passenden Link)<\/p>\n\n\n\n<div class=\"wp-block-columns is-layout-flex wp-block-columns-is-layout-flex\">\n<div class=\"wp-block-column is-layout-flow wp-block-column-is-layout-flow\" style=\"flex-basis:100%\">\n<figure class=\"wp-block-table aligncenter is-style-stripes\"><table class=\"has-headings-color has-sitebg-background-color has-text-color has-background has-link-color has-fixed-layout\"><tbody><tr><td class=\"has-text-align-center\" data-align=\"center\"><a href=\"https:\/\/agroproject.atlassian.net\/wiki\/spaces\/DAS\/pages\/1310835\">Datei<\/a><\/td><td class=\"has-text-align-center\" data-align=\"center\"><a href=\"https:\/\/agroproject.atlassian.net\/wiki\/spaces\/DAS\/pages\/1310850\">Stammdaten<\/a><\/td><td class=\"has-text-align-center\" data-align=\"center\"><a href=\"https:\/\/agroproject.atlassian.net\/wiki\/spaces\/DAS\/pages\/2785332\">Helfer<\/a><\/td><td class=\"has-text-align-center\" data-align=\"center\"><a href=\"https:\/\/agroproject.atlassian.net\/wiki\/spaces\/DAS\/pages\/2785353\">Krankenversicherung<\/a><\/td><td class=\"has-text-align-center\" data-align=\"center\"><a href=\"https:\/\/agroproject.atlassian.net\/wiki\/spaces\/DAS\/pages\/2785316\">L\u00f6hne<\/a><\/td><td class=\"has-text-align-center\" data-align=\"center\"><a href=\"https:\/\/agroproject.atlassian.net\/wiki\/spaces\/DAS\/pages\/2785357\">Hotel<\/a><\/td><td class=\"has-text-align-center\" data-align=\"center\"><a href=\"https:\/\/agroproject.atlassian.net\/wiki\/spaces\/DAS\/pages\/2457605\">SoF.HiE mobil<\/a><\/td><td class=\"has-text-align-center\" data-align=\"center\"><a href=\"https:\/\/agroproject.atlassian.net\/wiki\/spaces\/DAS\/pages\/2785362\">Touchscreen<\/a><\/td><td class=\"has-text-align-center\" data-align=\"center\"><a href=\"https:\/\/agroproject.atlassian.net\/wiki\/spaces\/DAS\/pages\/2785364\">Barcode<\/a><\/td><td class=\"has-text-align-center\" data-align=\"center\"><a href=\"https:\/\/agroproject.atlassian.net\/wiki\/spaces\/DAS\/pages\/2785366\">Formulare\/Listen<\/a><\/td><td class=\"has-text-align-center\" data-align=\"center\"><a href=\"https:\/\/agroproject.atlassian.net\/wiki\/spaces\/DAS\/pages\/2785368\">Extras<\/a><\/td><td class=\"has-text-align-center\" data-align=\"center\"><a href=\"https:\/\/agroproject.atlassian.net\/wiki\/spaces\/DAS\/pages\/2785370\">Hilfe<\/a><\/td><\/tr><\/tbody><\/table><\/figure>\n<\/div>\n<\/div>\n\n\n\n<p class=\"has-text-align-center\"><img loading=\"lazy\" decoding=\"async\" width=\"1600\" height=\"1014\" class=\"wp-image-96\" style=\"width: 1600px;\" src=\"https:\/\/hilfe.agroproject.de\/wordpress\/wp-content\/uploads\/2025\/11\/SoFHiE1.png\" alt=\"\" srcset=\"https:\/\/hilfe.agroproject.de\/wordpress\/wp-content\/uploads\/2025\/11\/SoFHiE1.png 1278w, https:\/\/hilfe.agroproject.de\/wordpress\/wp-content\/uploads\/2025\/11\/SoFHiE1-300x190.png 300w, https:\/\/hilfe.agroproject.de\/wordpress\/wp-content\/uploads\/2025\/11\/SoFHiE1-1024x649.png 1024w, https:\/\/hilfe.agroproject.de\/wordpress\/wp-content\/uploads\/2025\/11\/SoFHiE1-768x487.png 768w, https:\/\/hilfe.agroproject.de\/wordpress\/wp-content\/uploads\/2025\/11\/SoFHiE1-473x300.png 473w\" sizes=\"auto, (max-width: 1600px) 100vw, 1600px\" \/><br><\/p>\n\n\n\n<p><br><\/p>\n","protected":false},"excerpt":{"rendered":"<p>Die Men\u00fcleiste stellt Ihnen im Eingangsfenster die im Bild oben angeordneten Einstiegspunkte in das Programm dar. Es gibt folgende Men\u00fcpunkte: (Um auf die Erl\u00e4uterungen der &hellip;<\/p>\n","protected":false},"author":1,"featured_media":0,"parent":0,"menu_order":0,"comment_status":"closed","ping_status":"closed","template":"","meta":{"footnotes":""},"class_list":["post-84","page","type-page","status-publish","hentry"],"_links":{"self":[{"href":"https:\/\/hilfe.agroproject.de\/wordpress\/wp-json\/wp\/v2\/pages\/84","targetHints":{"allow":["GET"]}}],"collection":[{"href":"https:\/\/hilfe.agroproject.de\/wordpress\/wp-json\/wp\/v2\/pages"}],"about":[{"href":"https:\/\/hilfe.agroproject.de\/wordpress\/wp-json\/wp\/v2\/types\/page"}],"author":[{"embeddable":true,"href":"https:\/\/hilfe.agroproject.de\/wordpress\/wp-json\/wp\/v2\/users\/1"}],"replies":[{"embeddable":true,"href":"https:\/\/hilfe.agroproject.de\/wordpress\/wp-json\/wp\/v2\/comments?post=84"}],"version-history":[{"count":27,"href":"https:\/\/hilfe.agroproject.de\/wordpress\/wp-json\/wp\/v2\/pages\/84\/revisions"}],"predecessor-version":[{"id":157,"href":"https:\/\/hilfe.agroproject.de\/wordpress\/wp-json\/wp\/v2\/pages\/84\/revisions\/157"}],"wp:attachment":[{"href":"https:\/\/hilfe.agroproject.de\/wordpress\/wp-json\/wp\/v2\/media?parent=84"}],"curies":[{"name":"wp","href":"https:\/\/api.w.org\/{rel}","templated":true}]}}